{"id":1767,"date":"2017-10-27T16:01:22","date_gmt":"2017-10-27T16:01:22","guid":{"rendered":"https:\/\/shamimminoo.com\/?page_id=1767"},"modified":"2026-01-01T22:07:18","modified_gmt":"2026-01-01T21:07:18","slug":"biography","status":"publish","type":"page","link":"https:\/\/shamimminoo.com\/fr\/biography\/","title":{"rendered":"Biographie"},"content":{"rendered":"<div data-elementor-type=\"wp-post\" data-elementor-id=\"1767\" class=\"elementor elementor-1767\">\n\t\t\t\t\t\t<section class=\"elementor-section elementor-top-section elementor-element elementor-element-8a20f6f elementor-section-boxed elementor-section-height-default elementor-section-height-default\" data-id=\"8a20f6f\" data-element_type=\"section\">\n\t\t\t\t\t\t<div class=\"elementor-container elementor-column-gap-default\">\n\t\t\t\t\t<div class=\"elementor-column elementor-col-100 elementor-top-column elementor-element elementor-element-665ba09\" data-id=\"665ba09\" data-element_type=\"column\">\n\t\t\t<div class=\"elementor-widget-wrap elementor-element-populated\">\n\t\t\t\t\t\t<div class=\"elementor-element elementor-element-53212ca elementor-widget elementor-widget-image\" data-id=\"53212ca\" data-element_type=\"widget\" data-widget_type=\"image.default\">\n\t\t\t\t<div class=\"elementor-widget-container\">\n\t\t\t\t\t\t\t\t\t\t\t\t\t\t\t<img fetchpriority=\"high\" decoding=\"async\" width=\"1024\" height=\"683\" src=\"https:\/\/shamimminoo.com\/wp-content\/uploads\/2025\/08\/IMG_3760-1024x683.jpg\" class=\"attachment-large size-large wp-image-6238\" alt=\"\" srcset=\"https:\/\/shamimminoo.com\/wp-content\/uploads\/2025\/08\/IMG_3760-1024x683.jpg 1024w, https:\/\/shamimminoo.com\/wp-content\/uploads\/2025\/08\/IMG_3760-559x373.jpg 559w, https:\/\/shamimminoo.com\/wp-content\/uploads\/2025\/08\/IMG_3760-768x512.jpg 768w, https:\/\/shamimminoo.com\/wp-content\/uploads\/2025\/08\/IMG_3760-1536x1024.jpg 1536w\" sizes=\"(max-width: 1024px) 100vw, 1024px\" \/>\t\t\t\t\t\t\t\t\t\t\t\t\t\t\t<\/div>\n\t\t\t\t<\/div>\n\t\t\t\t\t<\/div>\n\t\t<\/div>\n\t\t\t\t\t<\/div>\n\t\t<\/section>\n\t\t\t\t<section class=\"elementor-section elementor-top-section elementor-element elementor-element-a4dacc1 elementor-section-boxed elementor-section-height-default elementor-section-height-default\" data-id=\"a4dacc1\" data-element_type=\"section\">\n\t\t\t\t\t\t<div class=\"elementor-container elementor-column-gap-default\">\n\t\t\t\t\t<div class=\"elementor-column elementor-col-100 elementor-top-column elementor-element elementor-element-a3b6605\" data-id=\"a3b6605\" data-element_type=\"column\">\n\t\t\t<div class=\"elementor-widget-wrap elementor-element-populated\">\n\t\t\t\t\t\t<div class=\"elementor-element elementor-element-e6e8fd7 elementor-widget__width-initial elementor-invisible elementor-widget elementor-widget-text-editor\" data-id=\"e6e8fd7\" data-element_type=\"widget\" data-settings=\"{&quot;_animation&quot;:&quot;fadeInUp&quot;,&quot;_animation_delay&quot;:300}\" data-widget_type=\"text-editor.default\">\n\t\t\t\t<div class=\"elementor-widget-container\">\n\t\t\t\t\t\t\t\t\t<p>Shamim Minoo a commenc\u00e9 la harpe et le chant \u00e0 l\u2019\u00e2ge de six ans en Iran, son pays natal, et est la premi\u00e8re de sa famille \u00e0 se lancer dans une carri\u00e8re musicale. Tr\u00e8s t\u00f4t, elle se produit avec plusieurs orchestres nationaux, notamment l\u2019Orchestre des Jeunes d\u2019Iran, o\u00f9 elle interpr\u00e8te le Concerto pour fl\u00fbte et harpe de Mozart. Elle se produit \u00e9galement avec l\u2019Orchestre symphonique de T\u00e9h\u00e9ran, l\u2019Orchestre national d\u2019Iran et l\u2019Orchestre philharmonique de T\u00e9h\u00e9ran.<br>En 2018, elle remporte \u00e0 l\u2019unanimit\u00e9 le Premier Prix du Concours Fran\u00e7ais de la Harpe dans la cat\u00e9gorie Excellence, ce qui lui permet de donner un r\u00e9cital l\u2019ann\u00e9e suivante \u00e0 Limoges et \u00e0 Paris. En 2020, elle poursuit ses \u00e9tudes au Conservatoire \u00e0 Rayonnement R\u00e9gional (CRR) de Paris avec Ghislaine Petit-Volta, avant d\u2019int\u00e9grer le Conservatoire National Sup\u00e9rieur de Musique et de Danse de Paris (CNSMDP), o\u00f9 elle obtient son dipl\u00f4me de licence avec la plus haute distinction, Tr\u00e8s Bien \u00e0 l\u2019unanimit\u00e9 avec les f\u00e9licitations du jury, et termine actuellement sa derni\u00e8re ann\u00e9e de Master avec Isabelle Moretti et Genevi\u00e8ve L\u00e9tang.<br>En 2024, Shamim s\u2019est produite en r\u00e9citals solo \u00e0 travers l\u2019Italie et la France, avec notamment des apparitions remarqu\u00e9es lors de l\u2019\u00e9v\u00e9nement Harpissima et du Camac Music Festival. Elle a \u00e9galement re\u00e7u le Prix Rossetti, qui lui a permis d\u2019interpr\u00e9ter le Concertino pour harpe et orchestre de Castelnuovo-Tedesco avec le Nuovo Orchestra Scarlatti en Italie. Durant l\u2019\u00e9t\u00e9 2024, Shamim a obtenu une bourse compl\u00e8te pour le Aspen Music Festival, o\u00f9 elle a \u00e9tudi\u00e9 et jou\u00e9 aux c\u00f4t\u00e9s de Nancy Allen, acqu\u00e9rant une exp\u00e9rience pr\u00e9cieuse. Lors de son s\u00e9jour, elle a eu l\u2019occasion de se produire avec plusieurs musiciens de renom, dont Roderick Cox et Robert Spano.<br>Shamim a remport\u00e9 la M\u00e9daille d\u2019Or ainsi que le Prix Reni\u00e9 lors de la 13\u1d49 \u00e9dition du Concours International de Harpe des \u00c9tats-Unis (2025). Avant cela, elle avait obtenu le Premier Prix du Concours International de Harpe de Szeged (cat\u00e9gorie moins de 25 ans) en Hongrie (2022) et le Premier Prix du Concours Suoni d\u2019Arpa (Cat\u00e9gorie C) en Italie (2023). Elle s\u2019est \u00e9galement produite \u00e0 la Philharmonie de Paris avec l\u2019Orchestre du Conservatoire, sous la direction de Kirill Karabits, Lionel Bringuier et Frank Strobel, et avec l\u2019Ensemble Intercontemporain \u00e0 la Cit\u00e9 de la Musique sous la direction de Pierre Bleuse.<br>Shamim a \u00e9t\u00e9 nomm\u00e9e laur\u00e9ate de la Fondation Kriegelstein, de la Soci\u00e9t\u00e9 G\u00e9n\u00e9rale, de la Fondation de l\u2019Or du Rhin, de la Fondation Safran (2024 et 2026), ainsi que du Prix de Harpe Monique Rollin (Fondation de France 2024 et 2025).<br>Shamim a \u00e9t\u00e9 reconnue par le magazine Harp Column pour \u00ab la r\u00e9silience et la profondeur qui caract\u00e9risent son art \u00bb. Elle continue d\u2019inspirer les publics du monde entier par ses interpr\u00e9tations expressives.<\/p>\t\t\t\t\t\t\t\t<\/div>\n\t\t\t\t<\/div>\n\t\t\t\t\t<\/div>\n\t\t<\/div>\n\t\t\t\t\t<\/div>\n\t\t<\/section>\n\t\t\t\t<\/div>","protected":false},"excerpt":{"rendered":"<p>Shamim Minoo, born in 2004 in Tehran, is the first in her family to pursue a career in music. She [&hellip;]<\/p>","protected":false},"author":2,"featured_media":0,"parent":0,"menu_order":7,"comment_status":"closed","ping_status":"closed","template":"","meta":{"_price":"","_stock":"","_tribe_ticket_header":"","_tribe_default_ticket_provider":"","_tribe_ticket_capacity":"0","_ticket_start_date":"","_ticket_end_date":"","_tribe_ticket_show_description":"","_tribe_ticket_show_not_going":false,"_tribe_ticket_use_global_stock":"","_tribe_ticket_global_stock_level":"","_global_stock_mode":"","_global_stock_cap":"","_tribe_rsvp_for_event":"","_tribe_ticket_going_count":"","_tribe_ticket_not_going_count":"","_tribe_tickets_list":"[]","_tribe_ticket_has_attendee_info_fields":false,"footnotes":"","_tec_slr_enabled":"","_tec_slr_layout":""},"class_list":["post-1767","page","type-page","status-publish","hentry"],"acf":[],"ticketed":false,"_links":{"self":[{"href":"https:\/\/shamimminoo.com\/fr\/wp-json\/wp\/v2\/pages\/1767","targetHints":{"allow":["GET"]}}],"collection":[{"href":"https:\/\/shamimminoo.com\/fr\/wp-json\/wp\/v2\/pages"}],"about":[{"href":"https:\/\/shamimminoo.com\/fr\/wp-json\/wp\/v2\/types\/page"}],"author":[{"embeddable":true,"href":"https:\/\/shamimminoo.com\/fr\/wp-json\/wp\/v2\/users\/2"}],"replies":[{"embeddable":true,"href":"https:\/\/shamimminoo.com\/fr\/wp-json\/wp\/v2\/comments?post=1767"}],"version-history":[{"count":124,"href":"https:\/\/shamimminoo.com\/fr\/wp-json\/wp\/v2\/pages\/1767\/revisions"}],"predecessor-version":[{"id":7024,"href":"https:\/\/shamimminoo.com\/fr\/wp-json\/wp\/v2\/pages\/1767\/revisions\/7024"}],"wp:attachment":[{"href":"https:\/\/shamimminoo.com\/fr\/wp-json\/wp\/v2\/media?parent=1767"}],"curies":[{"name":"wp","href":"https:\/\/api.w.org\/{rel}","templated":true}]}}